{"id":82,"date":"2019-09-20T19:13:49","date_gmt":"2019-09-20T19:13:49","guid":{"rendered":"https:\/\/www.apdpbucuresti.ro\/web\/?page_id=82"},"modified":"2022-06-13T15:29:00","modified_gmt":"2022-06-13T12:29:00","slug":"despre-noi","status":"publish","type":"page","link":"https:\/\/www.apdpbucuresti.ro\/web\/despre-noi\/","title":{"rendered":"Despre noi"},"content":{"rendered":"<p>[et_pb_section fb_built=&#8221;1&#8243; _builder_version=&#8221;4.16&#8243; custom_padding=&#8221;||0px|||&#8221; top_divider_style=&#8221;mountains2&#8243; top_divider_color=&#8221;#044088&#8243; global_colors_info=&#8221;{}&#8221;][et_pb_row _builder_version=&#8221;4.16&#8243; global_colors_info=&#8221;{}&#8221;][et_pb_column type=&#8221;4_4&#8243; _builder_version=&#8221;4.16&#8243; global_colors_info=&#8221;{}&#8221;][et_pb_text _builder_version=&#8221;4.16&#8243; header_font=&#8221;|300|||||||&#8221; header_font_size=&#8221;3em&#8221; global_colors_info=&#8221;{}&#8221;]<\/p>\n<h1>Despre noi<\/h1>\n<p>[\/et_pb_text][\/et_pb_column][\/et_pb_row][et_pb_row _builder_version=&#8221;4.16&#8243; global_colors_info=&#8221;{}&#8221;][et_pb_column type=&#8221;4_4&#8243; _builder_version=&#8221;4.16&#8243; global_colors_info=&#8221;{}&#8221;][et_pb_text _builder_version=&#8221;4.16&#8243; text_orientation=&#8221;justified&#8221; global_colors_info=&#8221;{}&#8221;]<\/p>\n<p><strong>A.P.D.P. \u2013 Filiala Bucure\u0219ti<\/strong> este una dintre cele 12 filiale ale Asocia\u021biei Profesionale de Drumuri \u0219i Poduri din Rom\u00e2nia.\u00a0Filiala Bucure\u0219ti a ob\u021binut personalitate juridic\u0103 prin Hotar\u00e2re Judec\u0103toreasc\u0103 \u00een decembrie 2008 fiind astfel cea mai nou\u0103 Filial\u0103 a A.P.D.P. Rom\u00e2nia.<\/p>\n<p>[\/et_pb_text][\/et_pb_column][\/et_pb_row][et_pb_row column_structure=&#8221;2_5,3_5&#8243; _builder_version=&#8221;4.16&#8243; global_colors_info=&#8221;{}&#8221;][et_pb_column type=&#8221;2_5&#8243; _builder_version=&#8221;4.16&#8243; global_colors_info=&#8221;{}&#8221;][et_pb_image src=&#8221;https:\/\/www.apdpbucuresti.ro\/web\/wp-content\/uploads\/logo-apdp-150&#215;200-1.png&#8221; title_text=&#8221;logo apdp-150&#215;200&#8243; align=&#8221;center&#8221; _builder_version=&#8221;4.17.4&#8243; custom_margin=&#8221;8vh||||false|false&#8221; global_colors_info=&#8221;{}&#8221;][\/et_pb_image][\/et_pb_column][et_pb_column type=&#8221;3_5&#8243; _builder_version=&#8221;4.16&#8243; global_colors_info=&#8221;{}&#8221;][et_pb_text _builder_version=&#8221;4.17.4&#8243; text_orientation=&#8221;justified&#8221; global_colors_info=&#8221;{}&#8221;]<\/p>\n<p>Membrii s\u0103i sunt \u00een majoritate cu domiciliul sau sediul \u00een Municipiul Bucure\u0219ti \u00eens\u0103 avem \u0219i membrii din alte jude\u021be ale \u021b\u0103rii care au optat pentru \u00eenscrierea \u00een aceast\u0103 Filial\u0103.<\/p>\n<p>A.P.D.P. \u2013 Filiala Bucure\u0219ti este format\u0103 din membri individuali \u2013 persoane fizice \u0219i membri colectivi, persoane juridice care activeaz\u0103 sau care au preocup\u0103ri \u00een domeniul drumurilor \u0219i podurilor. Num\u0103rul membrilor ne situeaz\u0103 pe primul loc ca m\u0103rime \u00eentre Filialele A.P.D.P. Rom\u00e2nia.<\/p>\n<p>Ca structuri interne ale Filialei, \u00eenfiin\u021bat\u0103 \u00een anul 2012, amintim Clubul Tinerilor Ingineri, Clubul Doamnelor precum si Comitetele Tehnice teritoriale pe domeniile Poduri, Gestionarea patrimoniului rutier \u0219i Mediu.<\/p>\n<p>Pe viitor sunt \u00een plan \u0219i alte comitete cum ar fi Siguran\u021ba circula\u021biei, Terasamente \u0219i drumuri nepavate \u0219i Mobilitatea \u00een zonele urbane.<\/p>\n<p>\u00cen cadrul A.P.D.P. \u2013 Filiala Bucure\u0219ti func\u021bioneaz\u0103 \u0219i una dintre cele patru Comisii de Atestare Tehnic\u0103 ale A.P.D.P. Rom\u00e2nia, comisie care atest\u0103 din punct de vedere tehnico-profesional societ\u0103\u021bi care \u00ee\u0219i desf\u0103\u0219oar\u0103 activitatea \u00een domeniul rutier, membre ale A.P.D.P. Rom\u00e2nia.<\/p>\n<p>Printre preocup\u0103rile importante ale A.P.D.P. \u2013 Filiala Bucure\u0219ti trebuie men\u021bionat\u0103 \u0219i colaborarea intens\u0103 cu Facultatea de C\u0103i Ferate, Drumuri \u0219i Poduri din cadrul Universit\u0103\u021bii Tehnice de Construc\u021bii Bucure\u0219ti, Filiala Bucure\u0219ti acord\u00e2nd o aten\u021bie deosebit\u0103 tinerei genera\u021bii de ingineri de drumuri \u0219i poduri.<\/p>\n<p>[\/et_pb_text][\/et_pb_column][\/et_pb_row][\/et_pb_section][et_pb_section fb_built=&#8221;1&#8243; _builder_version=&#8221;4.17.4&#8243; custom_padding=&#8221;0px||15vh||false|false&#8221; bottom_divider_style=&#8221;mountains2&#8243; bottom_divider_color=&#8221;#044088&#8243; global_colors_info=&#8221;{}&#8221;][et_pb_row _builder_version=&#8221;4.16&#8243; global_colors_info=&#8221;{}&#8221;][et_pb_column type=&#8221;4_4&#8243; _builder_version=&#8221;4.16&#8243; global_colors_info=&#8221;{}&#8221;][et_pb_text _builder_version=&#8221;4.17.4&#8243; global_colors_info=&#8221;{}&#8221;]<\/p>\n<h3>Scopurile Asocia\u0163iei<\/h3>\n<p>&#8211; reprezentarea, promovarea \u015fi ap\u0103rarea, la nivel na\u0163ional \u015fi interna\u0163ional, a intereselor profesionale ale membrilor s\u0103i din domeniul de drumuri \u015fi poduri;<br \/>&#8211; analizarea \u015fi dezbaterea problemelor care trateaz\u0103 drumul \u015fi transportul rutier;<br \/>&#8211; promovarea unor forme moderne \u015fi unitare de organizare a domeniului rutier;<br \/>&#8211; informarea \u015fi perfec\u0163ionarea profesional\u0103 continu\u0103 a membrilor s\u0103i.<\/p>\n<p>[\/et_pb_text][et_pb_text _builder_version=&#8221;4.17.4&#8243; global_colors_info=&#8221;{}&#8221;]<\/p>\n<h3>Obiectivele principale ale Asocia\u0163iei<\/h3>\n<p>&#8211; s\u0103 contribuie la dezvoltarea din punct de vedere tehnic \u015fi economic a activit\u0103\u0163ilor proprii;<br \/>&#8211; s\u0103 sprijine dezvoltarea cercet\u0103rii \u015ftiin\u0163ifice \u015fi tehnice din domeniul rutier;<br \/>&#8211; s\u0103 sus\u0163in\u0103 formarea corpurilor de speciali\u015fti (exper\u0163i, verificatori etc.) \u015fi s\u0103 apere interesele lor conform regulamentelor specifice;<br \/>&#8211; s\u0103 colaboreze cu organele guvernamentale, alte organisme \u015fi organiza\u0163ii sau unit\u0103\u0163i economice, sociale, profesionale;<br \/>&#8211; s\u0103 se asocieze sau afilieze, dup\u0103 caz, la organisme similare na\u0163ionale \u015fi interna\u0163ionale;<br \/>&#8211; s\u0103 organizeze congrese, conferin\u0163e, simpozioane \u015fi schimburi de experien\u0163\u0103 pe teme profesionale;<br \/>&#8211; s\u0103 participe la manifest\u0103ri tehnice similare din \u0163ar\u0103 \u015fi str\u0103in\u0103tate;<br \/>&#8211; s\u0103 promoveze imaginea A.P.D.P. sub orice form\u0103 \u00een \u0163ar\u0103 \u015fi str\u0103in\u0103tate;<br \/>&#8211; s\u0103 asigure protec\u0163ia profesional\u0103 a membrilor s\u0103i \u2013 \u00een acest scop va func\u0163iona un Consiliu de Onoare;<br \/>&#8211; s\u0103 sus\u0163in\u0103 \u015fi s\u0103 verifice activitatea de preg\u0103tire \u015fi specializare a membrilor s\u0103i \u015fi a \u00eenv\u0103\u0163\u0103m\u00e2ntului mediu \u015fi superior de specialitate, prin forme de \u00eenv\u0103\u0163\u0103m\u00e2nt adecvate;<br \/>&#8211; s\u0103 sprijine \u015fi s\u0103 stimuleze activitatea de inventic\u0103;<br \/>&#8211; s\u0103 organizeze comitete tehnice corespondente cu cele ale Asocia\u0163iei Mondiale de Drumuri (AIPCR);<br \/>&#8211; s\u0103 propun\u0103 \u015fi s\u0103 participe la elaborarea de legi, instruc\u0163iuni, standarde, normative tehnice \u015fi acte normative specifice domeniului;<br \/>&#8211; s\u0103 colaboreze la elaborarea m\u0103surilor privind protec\u0163ia mediului \u00eenconjur\u0103tor, \u00een domeniul drumurilor \u015fi podurilor;<br \/>&#8211; s\u0103 creeze baze de date tehnice.<\/p>\n<p>[\/et_pb_text][\/et_pb_column][\/et_pb_row][\/et_pb_section]<\/p>\n","protected":false},"excerpt":{"rendered":"<p>Despre noiA.P.D.P. \u2013 Filiala Bucure\u0219ti este una dintre cele 12 filiale ale Asocia\u021biei Profesionale de Drumuri \u0219i Poduri din Rom\u00e2nia.\u00a0Filiala Bucure\u0219ti a ob\u021binut personalitate juridic\u0103 prin Hotar\u00e2re Judec\u0103toreasc\u0103 \u00een decembrie 2008 fiind astfel cea mai nou\u0103 Filial\u0103 a A.P.D.P. Rom\u00e2nia.Membrii s\u0103i sunt \u00een majoritate cu domiciliul sau sediul \u00een Municipiul Bucure\u0219ti \u00eens\u0103 avem \u0219i membrii [&hellip;]<\/p>\n","protected":false},"author":1,"featured_media":0,"parent":0,"menu_order":0,"comment_status":"closed","ping_status":"closed","template":"","meta":{"_acf_changed":false,"_et_pb_use_builder":"on","_et_pb_old_content":"","_et_gb_content_width":"","footnotes":""},"class_list":["post-82","page","type-page","status-publish","hentry"],"acf":[],"_links":{"self":[{"href":"https:\/\/www.apdpbucuresti.ro\/web\/wp-json\/wp\/v2\/pages\/82","targetHints":{"allow":["GET"]}}],"collection":[{"href":"https:\/\/www.apdpbucuresti.ro\/web\/wp-json\/wp\/v2\/pages"}],"about":[{"href":"https:\/\/www.apdpbucuresti.ro\/web\/wp-json\/wp\/v2\/types\/page"}],"author":[{"embeddable":true,"href":"https:\/\/www.apdpbucuresti.ro\/web\/wp-json\/wp\/v2\/users\/1"}],"replies":[{"embeddable":true,"href":"https:\/\/www.apdpbucuresti.ro\/web\/wp-json\/wp\/v2\/comments?post=82"}],"version-history":[{"count":0,"href":"https:\/\/www.apdpbucuresti.ro\/web\/wp-json\/wp\/v2\/pages\/82\/revisions"}],"wp:attachment":[{"href":"https:\/\/www.apdpbucuresti.ro\/web\/wp-json\/wp\/v2\/media?parent=82"}],"curies":[{"name":"wp","href":"https:\/\/api.w.org\/{rel}","templated":true}]}}