{"id":49,"date":"2019-09-20T17:13:51","date_gmt":"2019-09-20T17:13:51","guid":{"rendered":"https:\/\/www.apdpbucuresti.ro\/web\/?page_id=49"},"modified":"2022-06-13T15:35:57","modified_gmt":"2022-06-13T12:35:57","slug":"contact","status":"publish","type":"page","link":"https:\/\/www.apdpbucuresti.ro\/web\/contact\/","title":{"rendered":"Contact"},"content":{"rendered":"<p>[et_pb_section fb_built=&#8221;1&#8243; _builder_version=&#8221;4.16&#8243; background_color=&#8221;#fcfcf9&#8243; background_image=&#8221;https:\/\/www.apdpbucuresti.ro\/web\/wp-content\/uploads\/contact-road-mark.png&#8221; background_size=&#8221;initial&#8221; background_position=&#8221;bottom_right&#8221; custom_padding=&#8221;||10vh||false|false&#8221; top_divider_style=&#8221;mountains2&#8243; top_divider_color=&#8221;#044088&#8243; bottom_divider_style=&#8221;mountains2&#8243; bottom_divider_color=&#8221;#044088&#8243; background_last_edited=&#8221;on|desktop&#8221; background_enable_image_tablet=&#8221;off&#8221; background_size_tablet=&#8221;initial&#8221; global_colors_info=&#8221;{}&#8221; background__hover_enabled=&#8221;off|desktop&#8221;][et_pb_row column_structure=&#8221;1_2,1_2&#8243; use_custom_gutter=&#8221;on&#8221; gutter_width=&#8221;2&#8243; _builder_version=&#8221;4.16.1&#8243; custom_padding=&#8221;||10vh||false|false&#8221; global_colors_info=&#8221;{}&#8221;][et_pb_column type=&#8221;1_2&#8243; _builder_version=&#8221;4.16&#8243; global_colors_info=&#8221;{}&#8221;][et_pb_text _builder_version=&#8221;4.16&#8243; header_font=&#8221;|300|||||||&#8221; header_font_size=&#8221;3em&#8221; global_colors_info=&#8221;{}&#8221;]<\/p>\n<h1>Contact<\/h1>\n<p>[\/et_pb_text][et_pb_text _builder_version=&#8221;4.17.4&#8243; hover_enabled=&#8221;0&#8243; global_colors_info=&#8221;{}&#8221; sticky_enabled=&#8221;0&#8243;]<\/p>\n<h3>A.P.D.P. &#8211; Filiala Bucure\u0219ti<\/h3>\n<p><strong>Sediul Social<\/strong><br \/>B-dul Iuliu Maniu nr.401A, Sector 6, Bucuresti\u00a0<\/p>\n<p>C.I.F. 25436758; Nr. Reg. Special: 92 \/ 05.12.2008<br \/>IBAN: RO02BTRLRONCRT0582013201; Banca Transilvania<\/p>\n<p>Mail: <a href=\"mailto:apdp.bucuresti@gmail.com\">apdp.bucuresti@gmail.com<\/a>\u00a0<br \/>Tel.: 0722 504 313<\/p>\n<p>&nbsp;<\/p>\n<h3>Birou de lucru \/ adresa coresponden\u021b\u0103<\/h3>\n<p>\u00cen urma dezechilibrelor financiare cauzate de situa\u021bia pandemic\u0103, s-a luat decizia desfiin\u021b\u0103rii biroului de lucru.<\/p>\n<p>Pentru orice informa\u021bii v\u0103 rug\u0103m s\u0103 ne transmite\u021bi o solicitare scris\u0103 la adresa de e-mail <a href=\"mailto:apdp.bucuresti@gmail.com\">apdp.bucuresti@gmail.com<\/a>.<\/p>\n<p>Adresa de coresponden\u021b\u0103:<br \/>Bd. Iuliu Maniu nr. 14, bl. 13, sc. D, et. 2, ap. 162, sector 6, Bucure\u0219ti. <\/p>\n<hr class=\"hr-inset\" \/>\n<p><span style=\"font-size: 16px;\">\u00a0<\/span><\/p>\n<p>[\/et_pb_text][et_pb_button button_url=&#8221;https:\/\/www.apdpbucuresti.ro\/web\/apdp-romania\/&#8221; button_text=&#8221;Celelalte filiale teritoriale ale APDP Rom\u00e2nia&#8221; button_alignment=&#8221;center&#8221; _builder_version=&#8221;4.16&#8243; global_colors_info=&#8221;{}&#8221;][\/et_pb_button][\/et_pb_column][et_pb_column type=&#8221;1_2&#8243; _builder_version=&#8221;4.16&#8243; custom_padding=&#8221;8vh||||false|false&#8221; global_colors_info=&#8221;{}&#8221;][et_pb_contact_form submit_button_text=&#8221;Trimite mesaj&#8221; _builder_version=&#8221;4.16&#8243; _unique_id=&#8221;5e47da33-84b8-488c-8d6c-5b4ba43a1a72&#8243; form_field_background_color=&#8221;#ffffff&#8221; background_color=&#8221;rgba(252,252,246,0.8)&#8221; custom_button=&#8221;on&#8221; button_bg_color=&#8221;#BFCFDF&#8221; custom_padding=&#8221;10px|10px|10px|10px|true|true&#8221; border_width_all=&#8221;1px&#8221; border_color_all=&#8221;#ccc&#8221; global_colors_info=&#8221;{}&#8221;][et_pb_contact_field field_id=&#8221;Name&#8221; field_title=&#8221;Nume&#8221; _builder_version=&#8221;4.16&#8243; global_colors_info=&#8221;{}&#8221; button_text_size__hover_enabled=&#8221;off&#8221; button_one_text_size__hover_enabled=&#8221;off&#8221; button_two_text_size__hover_enabled=&#8221;off&#8221; button_text_color__hover_enabled=&#8221;off&#8221; button_one_text_color__hover_enabled=&#8221;off&#8221; button_two_text_color__hover_enabled=&#8221;off&#8221; button_border_width__hover_enabled=&#8221;off&#8221; button_one_border_width__hover_enabled=&#8221;off&#8221; button_two_border_width__hover_enabled=&#8221;off&#8221; button_border_color__hover_enabled=&#8221;off&#8221; button_one_border_color__hover_enabled=&#8221;off&#8221; button_two_border_color__hover_enabled=&#8221;off&#8221; button_border_radius__hover_enabled=&#8221;off&#8221; button_one_border_radius__hover_enabled=&#8221;off&#8221; button_two_border_radius__hover_enabled=&#8221;off&#8221; button_letter_spacing__hover_enabled=&#8221;off&#8221; button_one_letter_spacing__hover_enabled=&#8221;off&#8221; button_two_letter_spacing__hover_enabled=&#8221;off&#8221; button_bg_color__hover_enabled=&#8221;off&#8221; button_one_bg_color__hover_enabled=&#8221;off&#8221; button_two_bg_color__hover_enabled=&#8221;off&#8221;][\/et_pb_contact_field][et_pb_contact_field field_id=&#8221;Email&#8221; field_title=&#8221;Adres\u0103 Email&#8221; field_type=&#8221;email&#8221; _builder_version=&#8221;4.16&#8243; global_colors_info=&#8221;{}&#8221; button_text_size__hover_enabled=&#8221;off&#8221; button_one_text_size__hover_enabled=&#8221;off&#8221; button_two_text_size__hover_enabled=&#8221;off&#8221; button_text_color__hover_enabled=&#8221;off&#8221; button_one_text_color__hover_enabled=&#8221;off&#8221; button_two_text_color__hover_enabled=&#8221;off&#8221; button_border_width__hover_enabled=&#8221;off&#8221; button_one_border_width__hover_enabled=&#8221;off&#8221; button_two_border_width__hover_enabled=&#8221;off&#8221; button_border_color__hover_enabled=&#8221;off&#8221; button_one_border_color__hover_enabled=&#8221;off&#8221; button_two_border_color__hover_enabled=&#8221;off&#8221; button_border_radius__hover_enabled=&#8221;off&#8221; button_one_border_radius__hover_enabled=&#8221;off&#8221; button_two_border_radius__hover_enabled=&#8221;off&#8221; button_letter_spacing__hover_enabled=&#8221;off&#8221; button_one_letter_spacing__hover_enabled=&#8221;off&#8221; button_two_letter_spacing__hover_enabled=&#8221;off&#8221; button_bg_color__hover_enabled=&#8221;off&#8221; button_one_bg_color__hover_enabled=&#8221;off&#8221; button_two_bg_color__hover_enabled=&#8221;off&#8221;][\/et_pb_contact_field][et_pb_contact_field field_id=&#8221;Message&#8221; field_title=&#8221;Mesaj&#8221; field_type=&#8221;text&#8221; fullwidth_field=&#8221;on&#8221; _builder_version=&#8221;4.16&#8243; global_colors_info=&#8221;{}&#8221; button_text_size__hover_enabled=&#8221;off&#8221; button_one_text_size__hover_enabled=&#8221;off&#8221; button_two_text_size__hover_enabled=&#8221;off&#8221; button_text_color__hover_enabled=&#8221;off&#8221; button_one_text_color__hover_enabled=&#8221;off&#8221; button_two_text_color__hover_enabled=&#8221;off&#8221; button_border_width__hover_enabled=&#8221;off&#8221; button_one_border_width__hover_enabled=&#8221;off&#8221; button_two_border_width__hover_enabled=&#8221;off&#8221; button_border_color__hover_enabled=&#8221;off&#8221; button_one_border_color__hover_enabled=&#8221;off&#8221; button_two_border_color__hover_enabled=&#8221;off&#8221; button_border_radius__hover_enabled=&#8221;off&#8221; button_one_border_radius__hover_enabled=&#8221;off&#8221; button_two_border_radius__hover_enabled=&#8221;off&#8221; button_letter_spacing__hover_enabled=&#8221;off&#8221; button_one_letter_spacing__hover_enabled=&#8221;off&#8221; button_two_letter_spacing__hover_enabled=&#8221;off&#8221; button_bg_color__hover_enabled=&#8221;off&#8221; button_one_bg_color__hover_enabled=&#8221;off&#8221; button_two_bg_color__hover_enabled=&#8221;off&#8221;][\/et_pb_contact_field][et_pb_contact_field field_id=&#8221;validare&#8221; field_title=&#8221;Acceptare termeni \u0219i condi\u021bii, GDPR&#8221; field_type=&#8221;checkbox&#8221; checkbox_options=&#8221;%91{%22value%22:%22Sunt de acord cu %22,%22checked%22:0,%22dragID%22:-1,%22link_text%22:%22termenii \u0219i condi\u021biile pentru comunicarea prin email%22,%22link_url%22:%22https:\/\/www.apdpbucuresti.ro\/web\/termeni-conditii-email\/%22},{%22value%22:%22Sunt de acord cu %22,%22checked%22:0,%22dragID%22:0,%22link_text%22:%22prelucrarea datelor cu caracter personal trimise prin email%22,%22link_url%22:%22https:\/\/www.apdpbucuresti.ro\/web\/gdpr\/%22}%93&#8243; fullwidth_field=&#8221;on&#8221; _builder_version=&#8221;4.16&#8243; global_colors_info=&#8221;{}&#8221;][\/et_pb_contact_field][\/et_pb_contact_form][\/et_pb_column][\/et_pb_row][\/et_pb_section]<\/p>\n","protected":false},"excerpt":{"rendered":"<p>ContactA.P.D.P. &#8211; Filiala Bucure\u0219ti Sediul SocialB-dul Iuliu Maniu nr.401A, Sector 6, Bucuresti\u00a0 C.I.F. 25436758; Nr. Reg. Special: 92 \/ 05.12.2008IBAN: RO02BTRLRONCRT0582013201; Banca Transilvania Mail: apdp.bucuresti@gmail.com\u00a0Tel.: 0722 504 313 &nbsp; Birou de lucru \/ adresa coresponden\u021b\u0103 \u00cen urma dezechilibrelor financiare cauzate de situa\u021bia pandemic\u0103, s-a luat decizia desfiin\u021b\u0103rii biroului de lucru. Pentru orice informa\u021bii v\u0103 rug\u0103m [&hellip;]<\/p>\n","protected":false},"author":1,"featured_media":0,"parent":0,"menu_order":0,"comment_status":"closed","ping_status":"closed","template":"","meta":{"_acf_changed":false,"_et_pb_use_builder":"on","_et_pb_old_content":"","_et_gb_content_width":"","footnotes":""},"class_list":["post-49","page","type-page","status-publish","hentry"],"acf":[],"_links":{"self":[{"href":"https:\/\/www.apdpbucuresti.ro\/web\/wp-json\/wp\/v2\/pages\/49","targetHints":{"allow":["GET"]}}],"collection":[{"href":"https:\/\/www.apdpbucuresti.ro\/web\/wp-json\/wp\/v2\/pages"}],"about":[{"href":"https:\/\/www.apdpbucuresti.ro\/web\/wp-json\/wp\/v2\/types\/page"}],"author":[{"embeddable":true,"href":"https:\/\/www.apdpbucuresti.ro\/web\/wp-json\/wp\/v2\/users\/1"}],"replies":[{"embeddable":true,"href":"https:\/\/www.apdpbucuresti.ro\/web\/wp-json\/wp\/v2\/comments?post=49"}],"version-history":[{"count":0,"href":"https:\/\/www.apdpbucuresti.ro\/web\/wp-json\/wp\/v2\/pages\/49\/revisions"}],"wp:attachment":[{"href":"https:\/\/www.apdpbucuresti.ro\/web\/wp-json\/wp\/v2\/media?parent=49"}],"curies":[{"name":"wp","href":"https:\/\/api.w.org\/{rel}","templated":true}]}}