{"id":202,"date":"2019-09-27T12:27:56","date_gmt":"2019-09-27T12:27:56","guid":{"rendered":"https:\/\/www.apdpbucuresti.ro\/web\/?page_id=202"},"modified":"2022-05-20T00:12:06","modified_gmt":"2022-05-19T21:12:06","slug":"adeziune","status":"publish","type":"page","link":"https:\/\/www.apdpbucuresti.ro\/web\/adeziune\/","title":{"rendered":"Adeziune"},"content":{"rendered":"<p>[et_pb_section fb_built=&#8221;1&#8243; _builder_version=&#8221;4.16&#8243; custom_padding=&#8221;10vh||10vh||true|false&#8221; top_divider_style=&#8221;mountains2&#8243; top_divider_color=&#8221;#044088&#8243; bottom_divider_style=&#8221;mountains2&#8243; bottom_divider_color=&#8221;#044088&#8243; global_colors_info=&#8221;{}&#8221;][et_pb_row _builder_version=&#8221;4.17.4&#8243; custom_padding=&#8221;||10vh||false|false&#8221; global_colors_info=&#8221;{}&#8221;][et_pb_column type=&#8221;4_4&#8243; _builder_version=&#8221;4.16&#8243; global_colors_info=&#8221;{}&#8221;][et_pb_text _builder_version=&#8221;4.16&#8243; global_colors_info=&#8221;{}&#8221;]<\/p>\n<h1>Adeziune<\/h1>\n<p>[\/et_pb_text][et_pb_text _builder_version=&#8221;4.17.4&#8243; text_orientation=&#8221;justified&#8221; global_colors_info=&#8221;{}&#8221;]<\/p>\n<p>Poate fi membru activ individual orice persoan\u0103 fizic\u0103 care are o calificare \u0219i\/sau preocup\u0103ri \u00een domeniul drumurilor \u0219i podurilor rutiere, \u00ee\u0219i exprim\u0103 acordul cu privire la prevederile Statutului pe care se oblig\u0103 s\u0103-l respecte \u00eentocmai \u0219i care particip\u0103 la ac\u021biunile organizate de c\u0103tre Asocia\u021bie \u00een scopul realiz\u0103rii obiectivelor propuse.<\/p>\n<p>Institu\u021biile, societ\u0103\u021bile comerciale, regiile autonome, agen\u021biile na\u021bionale sau altele asemenea lor, precum \u0219i organiza\u021biile profesionale cu personalitate juridic\u0103 care au activit\u0103\u021bi sau preocup\u0103ri legate de drumuri \u0219i poduri rutiere pot fi membrii activi colectivi prin adeziunea la A.P.D.P. Filiala Bucure\u0219ti prin care \u00ee\u0219i exprim\u0103 acordul cu privire la prevederile Statutului \u0219i care sus\u021bin activitatea Asocia\u021biei \u00een vederea \u00eendeplinirii scopurilor \u0219i obiectivelor propuse.<\/p>\n<p>Calitatea de membru de onoare se acord\u0103 persoanelor fizice, personalit\u0103\u021bi din \u021bar\u0103 sau str\u0103in\u0103tate, pentru merite deosebite sau ca semn de recuno\u0219tere a contribu\u021biei remarcabile la progresul domeniului drumurilor \u0219i podurilor.<\/p>\n<p>DREPTURI \u0218I OBLIGA\u021aII<\/p>\n<p>Drepturi:<br \/>Membrii Asocia\u0163iei au urm\u0103toarele drepturi:<br \/>a) s\u0103 participe direct sau prin reprezentan\u021bi la activit\u0103\u021bile Asocia\u021biei;<br \/>b) s\u0103 fie informa\u021bi, s\u0103 se exprime \u0219i s\u0103-\u0219i sus\u021bin\u0103 liber opiniile cu privire la activit\u0103\u021bile Asocia\u021biei;<br \/>c) s\u0103 aib\u0103 acces la mijloacele din dotarea Asocia\u021biei;<br \/>d) s\u0103 se constituie \u00een colective de cercetare sau colective de studii la nivel teritorial sau na\u021bional;<br \/>e) s\u0103 fac\u0103 parte din Comitetele Tehnice regionale, na\u021bionale \u0219i interna\u021bionale ale Asocia\u021biei;<br \/>f) s\u0103 ia parte, personal sau prin delega\u021bi, la manifest\u0103rile organizate de Asocia\u021bie \u0219i s\u0103 participe la dezbateri;<br \/>g) s\u0103 aleag\u0103 \u0219i s\u0103 fie ale\u0219i \u00een organele de conducere ale A.P.D.P. Filiala Bucure\u0219ti \u0219i\/sau ale A.P.D.P. Rom\u00e2nia;<br \/>h) s\u0103 colaboreze la publica\u021biile tip\u0103rite de Asocia\u021bie;<br \/>i) s\u0103 participe ca reprezentan\u021bi ai Asocia\u021biei la congrese, conferin\u021be \u00een \u021bar\u0103 sau str\u0103in\u0103tate;<br \/>j) s\u0103 participe la formele de preg\u0103tire \u0219i specilizare profesional\u0103 organizate de Asocia\u021bie;<br \/>k) s\u0103 participe la concursul profesional \u201cAnghel Saligny\u201d \u0219i la acordarea altor premii instituite de Asocia\u021bie.<\/p>\n<p>Obliga\u021bii<br \/>Membrii Asocia\u0163iei au urm\u0103toarele obliga\u0163ii:<br \/>a) s\u0103 recunoasc\u0103 \u0219i s\u0103 respecte Statutul \u0219i Regulamentul de Organizare \u0219i Func\u021bionare al A.P.D.P. Rom\u00e2nia;<br \/>b) s\u0103 respecte \u0219i s\u0103 contribuie la punerea \u00een aplicare a hot\u0103r\u00e2rilor organelor de conducere ale Asocia\u021biei;<br \/>c) s\u0103 respecte normele de etic\u0103 profesional\u0103 \u0219i \u021binut\u0103 moral\u0103, norme \u00eenscrise \u00een Codul de Conduit\u0103 \u0219i Etic\u0103 Profesional\u0103 al profesiei de inginer de drumuri \u0219i poduri rutiere;<br \/>d) s\u0103 pl\u0103teasc\u0103 cotiza\u021bia de membru p\u00e2n\u0103 la data de 1 decembrie a fiec\u0103rui an. \u00cen cazuri bine motivate, \u00een mod excep\u021bional, cotiza\u021bia poate fi pl\u0103tit\u0103 \u0219i \u00een primul trimestru al anului urm\u0103tor.<br \/>e) s\u0103 participe la realizarea obiectivelor Asocia\u021biei;<br \/>f) s\u0103 spijine \u0219i s\u0103 participe la desf\u0103\u0219urarea activit\u0103\u021bilor Asocia\u021biei;<br \/>g) s\u0103 contribuie la cre\u0219terea prestigiului Asocia\u021biei prin ac\u021biuni \u0219i atitudine;<br \/>h) s\u0103 nu desf\u0103\u0219oare activit\u0103\u021bi care s\u0103 prejudicieze imaginea Asocia\u021biei;<br \/>i) s\u0103 nu desf\u0103\u0219oare activit\u0103\u021bi politice \u00een cadrul Asocia\u021biei.<\/p>\n<p>[\/et_pb_text][et_pb_divider _builder_version=&#8221;4.17.4&#8243; _module_preset=&#8221;default&#8221; hover_enabled=&#8221;0&#8243; sticky_enabled=&#8221;0&#8243;][\/et_pb_divider][et_pb_text _builder_version=&#8221;4.17.4&#8243; _module_preset=&#8221;default&#8221; hover_enabled=&#8221;0&#8243; sticky_enabled=&#8221;0&#8243;]<\/p>\n<p><a href=\"#\" title=\"Adeziune membru individual\">Adeziune membru individual (.doc)<\/a> | <a href=\"#\" title=\"Adeziune membru colectiv\">Adeziune membru colectiv (.doc)<\/a><\/p>\n<p>[\/et_pb_text][\/et_pb_column][\/et_pb_row][\/et_pb_section]<\/p>\n","protected":false},"excerpt":{"rendered":"<p>AdeziunePoate fi membru activ individual orice persoan\u0103 fizic\u0103 care are o calificare \u0219i\/sau preocup\u0103ri \u00een domeniul drumurilor \u0219i podurilor rutiere, \u00ee\u0219i exprim\u0103 acordul cu privire la prevederile Statutului pe care se oblig\u0103 s\u0103-l respecte \u00eentocmai \u0219i care particip\u0103 la ac\u021biunile organizate de c\u0103tre Asocia\u021bie \u00een scopul realiz\u0103rii obiectivelor propuse. Institu\u021biile, societ\u0103\u021bile comerciale, regiile autonome, agen\u021biile [&hellip;]<\/p>\n","protected":false},"author":1,"featured_media":0,"parent":0,"menu_order":0,"comment_status":"closed","ping_status":"closed","template":"","meta":{"_acf_changed":false,"_et_pb_use_builder":"on","_et_pb_old_content":"","_et_gb_content_width":"","footnotes":""},"class_list":["post-202","page","type-page","status-publish","hentry"],"acf":[],"_links":{"self":[{"href":"https:\/\/www.apdpbucuresti.ro\/web\/wp-json\/wp\/v2\/pages\/202","targetHints":{"allow":["GET"]}}],"collection":[{"href":"https:\/\/www.apdpbucuresti.ro\/web\/wp-json\/wp\/v2\/pages"}],"about":[{"href":"https:\/\/www.apdpbucuresti.ro\/web\/wp-json\/wp\/v2\/types\/page"}],"author":[{"embeddable":true,"href":"https:\/\/www.apdpbucuresti.ro\/web\/wp-json\/wp\/v2\/users\/1"}],"replies":[{"embeddable":true,"href":"https:\/\/www.apdpbucuresti.ro\/web\/wp-json\/wp\/v2\/comments?post=202"}],"version-history":[{"count":0,"href":"https:\/\/www.apdpbucuresti.ro\/web\/wp-json\/wp\/v2\/pages\/202\/revisions"}],"wp:attachment":[{"href":"https:\/\/www.apdpbucuresti.ro\/web\/wp-json\/wp\/v2\/media?parent=202"}],"curies":[{"name":"wp","href":"https:\/\/api.w.org\/{rel}","templated":true}]}}