{"id":2,"date":"2019-08-20T12:23:30","date_gmt":"2019-08-20T12:23:30","guid":{"rendered":"https:\/\/www.apdpbucuresti.ro\/web\/?page_id=2"},"modified":"2026-02-19T19:41:18","modified_gmt":"2026-02-19T17:41:18","slug":"apdp-bucuresti","status":"publish","type":"page","link":"https:\/\/www.apdpbucuresti.ro\/web\/","title":{"rendered":"A.P.D.P. Bucure\u0219ti"},"content":{"rendered":"<p>[et_pb_section fb_built=&#8221;1&#8243; custom_padding_last_edited=&#8221;on|phone&#8221; next_background_color=&#8221;#fcfcf6&#8243; _builder_version=&#8221;4.17.6&#8243; background_enable_color=&#8221;off&#8221; background_image=&#8221;https:\/\/www.apdpbucuresti.ro\/web\/wp-content\/uploads\/front-slide-01.jpg&#8221; custom_padding=&#8221;15vh||15vh||true|false&#8221; custom_padding_tablet=&#8221;12vh||12vh||true|false&#8221; custom_padding_phone=&#8221;&#8221; top_divider_style=&#8221;mountains2&#8243; top_divider_color=&#8221;#044088&#8243; bottom_divider_style=&#8221;mountains2&#8243; bottom_divider_flip=&#8221;vertical&#8221; global_colors_info=&#8221;{}&#8221;][et_pb_row column_structure=&#8221;1_3,2_3&#8243; _builder_version=&#8221;4.16&#8243; width=&#8221;90%&#8221; max_width=&#8221;90%&#8221; global_colors_info=&#8221;{}&#8221;][et_pb_column type=&#8221;1_3&#8243; _builder_version=&#8221;4.16&#8243; global_colors_info=&#8221;{}&#8221;][\/et_pb_column][et_pb_column type=&#8221;2_3&#8243; _builder_version=&#8221;4.16&#8243; global_colors_info=&#8221;{}&#8221;][et_pb_text _builder_version=&#8221;4.17.4&#8243; header_font=&#8221;|700|||||||&#8221; header_text_align=&#8221;center&#8221; header_text_color=&#8221;#1A5192&#8243; header_font_size=&#8221;2em&#8221; header_letter_spacing=&#8221;1px&#8221; header_line_height=&#8221;1.2em&#8221; header_2_font=&#8221;|600|||||||&#8221; header_2_text_align=&#8221;center&#8221; header_2_font_size=&#8221;1.5em&#8221; header_2_letter_spacing=&#8221;5px&#8221; custom_padding_tablet=&#8221;&#8221; custom_padding_phone=&#8221;&#8221; custom_padding_last_edited=&#8221;on|desktop&#8221; header_font_size_tablet=&#8221;1.5em&#8221; header_font_size_phone=&#8221;&#8221; header_font_size_last_edited=&#8221;on|phone&#8221; header_2_font_size_tablet=&#8221;1.25em&#8221; header_2_font_size_phone=&#8221;1.25em&#8221; header_2_font_size_last_edited=&#8221;on|phone&#8221; global_colors_info=&#8221;{}&#8221;]<\/p>\n<h1>ASOCIA\u0162IA PROFESIONAL\u0102 DE DRUMURI \u015eI PODURI<\/h1>\n<h2>\u2500 FILIALA BUCURE\u015eTI \u2500<\/h2>\n<p>[\/et_pb_text][\/et_pb_column][\/et_pb_row][et_pb_row column_structure=&#8221;1_2,1_2&#8243; _builder_version=&#8221;4.16&#8243; global_colors_info=&#8221;{}&#8221;][et_pb_column type=&#8221;1_2&#8243; _builder_version=&#8221;4.16&#8243; global_colors_info=&#8221;{}&#8221;][et_pb_text _builder_version=&#8221;4.17.6&#8243; _dynamic_attributes=&#8221;link_option_url&#8221; _module_preset=&#8221;default&#8221; header_2_font=&#8221;|600|||||||&#8221; background_color=&#8221;rgba(238,238,238,0.65)&#8221; text_orientation=&#8221;center&#8221; custom_padding=&#8221;1.5em|1em|1em|1em|false|true&#8221; link_option_url=&#8221;@ET-DC@eyJkeW5hbWljIjp0cnVlLCJjb250ZW50IjoicG9zdF9saW5rX3VybF9wYWdlIiwic2V0dGluZ3MiOnsicG9zdF9pZCI6IjgyIn19@&#8221; border_radii=&#8221;on|7px|7px|7px|7px&#8221; box_shadow_style=&#8221;preset1&#8243; global_colors_info=&#8221;{}&#8221; transform_styles__hover_enabled=&#8221;on|hover&#8221; transform_scale__hover_enabled=&#8221;on|desktop&#8221; transform_translate__hover=&#8221;0px|4px&#8221; transform_translate__hover_enabled=&#8221;on|hover&#8221; transform_rotate__hover_enabled=&#8221;on|desktop&#8221; transform_skew__hover_enabled=&#8221;on|desktop&#8221; transform_origin__hover_enabled=&#8221;on|desktop&#8221;]<\/p>\n<h2 style=\"text-align: center;\">Ce este APDP Bucure\u0219ti<\/h2>\n<p>[\/et_pb_text][\/et_pb_column][et_pb_column type=&#8221;1_2&#8243; _builder_version=&#8221;4.16&#8243; global_colors_info=&#8221;{}&#8221;][et_pb_text _builder_version=&#8221;4.17.6&#8243; _dynamic_attributes=&#8221;link_option_url&#8221; _module_preset=&#8221;default&#8221; header_2_font=&#8221;|600|||||||&#8221; background_color=&#8221;rgba(238,238,238,0.65)&#8221; transform_translate_linked__hover=&#8221;off&#8221; text_orientation=&#8221;center&#8221; custom_padding=&#8221;1.5em|1em|1em|1em|false|true&#8221; link_option_url=&#8221;@ET-DC@eyJkeW5hbWljIjp0cnVlLCJjb250ZW50IjoicG9zdF9saW5rX3VybF9wYWdlIiwic2V0dGluZ3MiOnsicG9zdF9pZCI6IjM1NCJ9fQ==@&#8221; border_radii=&#8221;on|7px|7px|7px|7px&#8221; box_shadow_style=&#8221;preset1&#8243; global_colors_info=&#8221;{}&#8221; transform_styles__hover_enabled=&#8221;on|hover&#8221; transform_scale__hover_enabled=&#8221;on|desktop&#8221; transform_translate__hover_enabled=&#8221;on|hover&#8221; transform_rotate__hover_enabled=&#8221;on|desktop&#8221; transform_skew__hover_enabled=&#8221;on|desktop&#8221; transform_origin__hover_enabled=&#8221;on|desktop&#8221; transform_translate__hover=&#8221;0px|4px&#8221;]<\/p>\n<h2 style=\"text-align: center;\">Proiect Practic\u0103 Studen\u021bi<\/h2>\n<p>[\/et_pb_text][\/et_pb_column][\/et_pb_row][\/et_pb_section][et_pb_section fb_built=&#8221;1&#8243; _builder_version=&#8221;4.16&#8243; background_color=&#8221;#fcfcf6&#8243; global_colors_info=&#8221;{}&#8221;][et_pb_row use_custom_gutter=&#8221;on&#8221; gutter_width=&#8221;2&#8243; _builder_version=&#8221;4.16&#8243; max_width=&#8221;80%&#8221; global_colors_info=&#8221;{}&#8221;][et_pb_column type=&#8221;4_4&#8243; _builder_version=&#8221;4.16&#8243; global_colors_info=&#8221;{}&#8221;][et_pb_post_slider posts_number=&#8221;5&#8243; include_categories=&#8221;3&#8243; show_more_button=&#8221;off&#8221; show_meta=&#8221;off&#8221; show_image=&#8221;off&#8221; bg_overlay_color=&#8221;rgba(255,255,255,0.7)&#8221; use_text_overlay=&#8221;off&#8221; dot_nav_custom_color=&#8221;#0c71c3&#8243; show_more_button_last_edited=&#8221;off|desktop&#8221; _builder_version=&#8221;4.17.4&#8243; header_level=&#8221;h1&#8243; header_font=&#8221;|600|||||||&#8221; header_font_size=&#8221;1.5em&#8221; body_line_height=&#8221;1.5em&#8221; background_enable_color=&#8221;off&#8221; background_layout=&#8221;light&#8221; custom_margin=&#8221;||10vh||false|false&#8221; custom_padding=&#8221;8vh||8vh||true|false&#8221; auto=&#8221;on&#8221; auto_speed=&#8221;10000&#8243; header_font_size_tablet=&#8221;1.5em&#8221; header_font_size_phone=&#8221;1.25em&#8221; header_font_size_last_edited=&#8221;on|phone&#8221; border_radii=&#8221;on|7px|7px|7px|7px&#8221; box_shadow_style=&#8221;preset3&#8243; global_colors_info=&#8221;{}&#8221; show_more_button__hover_enabled=&#8221;off|desktop&#8221;][\/et_pb_post_slider][et_pb_text disabled_on=&#8221;on|on|on&#8221; _builder_version=&#8221;4.20.0&#8243; header_font=&#8221;|300|||||||&#8221; header_text_align=&#8221;right&#8221; header_font_size=&#8221;2.5em&#8221; header_letter_spacing=&#8221;1px&#8221; header_line_height=&#8221;1.5em&#8221; custom_padding=&#8221;|15%|||false|false&#8221; header_font_size_tablet=&#8221;2.5em&#8221; header_font_size_phone=&#8221;2em&#8221; header_font_size_last_edited=&#8221;on|phone&#8221; disabled=&#8221;on&#8221; global_colors_info=&#8221;{}&#8221;]<\/p>\n<h1>EVENIMENTE<\/h1>\n<p>[\/et_pb_text][et_pb_blog posts_number=&#8221;4&#8243; include_categories=&#8221;1,4&#8243; meta_date=&#8221;j M Y&#8221; show_thumbnail=&#8221;off&#8221; show_author=&#8221;off&#8221; show_date=&#8221;off&#8221; show_categories=&#8221;off&#8221; show_pagination=&#8221;off&#8221; disabled_on=&#8221;on|on|on&#8221; module_class=&#8221;four-column-blog-grid&#8221; _builder_version=&#8221;4.20.0&#8243; header_level=&#8221;h4&#8243; body_font_size=&#8221;14px&#8221; meta_text_color=&#8221;#999&#8243; meta_font_size=&#8221;12px&#8221; background_color=&#8221;#ffffff&#8221; text_orientation=&#8221;justified&#8221; custom_padding=&#8221;32px|20px||20px|false|true&#8221; box_shadow_style=&#8221;preset3&#8243; disabled=&#8221;on&#8221; global_colors_info=&#8221;{}&#8221;][\/et_pb_blog][\/et_pb_column][\/et_pb_row][\/et_pb_section][et_pb_section fb_built=&#8221;1&#8243; prev_background_color=&#8221;#fcfcf6&#8243; next_background_color=&#8221;#fcfcf6&#8243; _builder_version=&#8221;4.17.4&#8243; _module_preset=&#8221;default&#8221; background_color=&#8221;#4d9bf9&#8243; top_divider_style=&#8221;mountains2&#8243; bottom_divider_style=&#8221;mountains2&#8243; global_colors_info=&#8221;{}&#8221;][et_pb_row _builder_version=&#8221;4.27.5&#8243; background_color=&#8221;#fafaf6&#8243; custom_margin=&#8221;15vh||0px||false|false&#8221; custom_padding=&#8221;35px|25px|0px|25px|false|true&#8221; hover_enabled=&#8221;0&#8243; border_radii=&#8221;off|7px|7px||&#8221; border_color_all=&#8221;#cccccc&#8221; global_colors_info=&#8221;{}&#8221; sticky_enabled=&#8221;0&#8243;][et_pb_column type=&#8221;4_4&#8243; _builder_version=&#8221;4.16&#8243; global_colors_info=&#8221;{}&#8221;][et_pb_image src=&#8221;https:\/\/www.apdpbucuresti.ro\/web\/wp-content\/uploads\/sigle_proiect_apdp_front.png&#8221; title_text=&#8221;sigle_proiect_apdp_front&#8221; align=&#8221;center&#8221; _builder_version=&#8221;4.27.5&#8243; _module_preset=&#8221;default&#8221; hover_enabled=&#8221;0&#8243; global_colors_info=&#8221;{}&#8221; custom_margin=&#8221;||5vh||false|false&#8221; sticky_enabled=&#8221;0&#8243;][\/et_pb_image][\/et_pb_column][\/et_pb_row][et_pb_row column_structure=&#8221;2_5,3_5&#8243; _builder_version=&#8221;4.27.5&#8243; background_color=&#8221;#fafaf6&#8243; custom_margin=&#8221;0px||15vh||false|false&#8221; custom_padding=&#8221;0px|25px|35px|25px|false|true&#8221; hover_enabled=&#8221;0&#8243; border_radii=&#8221;off|||7px|7px&#8221; border_color_all=&#8221;#cccccc&#8221; global_colors_info=&#8221;{}&#8221; sticky_enabled=&#8221;0&#8243;][et_pb_column type=&#8221;2_5&#8243; _builder_version=&#8221;4.16&#8243; global_colors_info=&#8221;{}&#8221;][et_pb_image src=&#8221;https:\/\/www.apdpbucuresti.ro\/web\/wp-content\/uploads\/apdp-bucuresti-vector-img-43.png&#8221; title_text=&#8221;apdp-bucuresti-vector-img-43&#8243; align=&#8221;right&#8221; _builder_version=&#8221;4.27.5&#8243; _module_preset=&#8221;default&#8221; custom_margin=&#8221;8vh||||false|false&#8221; hover_enabled=&#8221;0&#8243; global_colors_info=&#8221;{}&#8221; disabled_on=&#8221;on|off|off&#8221; sticky_enabled=&#8221;0&#8243;][\/et_pb_image][\/et_pb_column][et_pb_column type=&#8221;3_5&#8243; _builder_version=&#8221;4.16&#8243; global_colors_info=&#8221;{}&#8221;][et_pb_text _builder_version=&#8221;4.17.4&#8243; header_4_line_height=&#8221;1.5em&#8221; text_orientation=&#8221;justified&#8221; global_colors_info=&#8221;{}&#8221;]<\/p>\n<h4><strong>Asocia\u021bia Profesional\u0103 de Drumuri \u0219i Poduri \u2013 Filiala Bucure\u0219ti<\/strong>, \u00een parteneriat cu <strong>Mari Vila Com SRL<\/strong> \u0219i <strong>Dimar SRL<\/strong>, implementeaz\u0103 \u00eencep\u00e2nd cu luna aprilie a anului 2021, proiectul <strong>\u201cPCCC &#8211; Sistem func\u021bional de stagii de Practic\u0103 pentru studen\u021bii din domeniul Construc\u021biilor \u0219i C\u0103ilor de Comunica\u021bii\u201d<\/strong><\/h4>\n<p>Proiectul este cofinan\u021bat din Fondul Social European prin Programul Opera\u021bional Capital Uman 2014-2020, iar obiectivul principal al proiectului este reprezentat de dezvoltarea de competen\u021be profesionale \u0219i transversale pentru studen\u021bii din \u00eenv\u0103\u021b\u0103m\u00e2ntul superior tehnic din domeniul Construc\u021biilor prin organizarea de stagii de practic\u0103, prin valorificarea parteneriatelor sustenabile cu mediul privat, prin accesul la servicii de consiliere \u0219i orientare profesional\u0103, \u00een vederea facilit\u0103rii tranzi\u021biei spre pia\u021ba muncii \u0219i a cre\u0219terii \u0219anselor de angajare pentru min 90 de absolven\u021bi.<\/p>\n<p>[\/et_pb_text][et_pb_text _builder_version=&#8221;4.17.4&#8243; _module_preset=&#8221;default&#8221; text_font_size=&#8221;14px&#8221; text_line_height=&#8221;1.2em&#8221; text_orientation=&#8221;justified&#8221; custom_padding=&#8221;2vh||||false|false&#8221; border_width_top=&#8221;1px&#8221; border_color_top=&#8221;#dddddd&#8221; global_colors_info=&#8221;{}&#8221;]<\/p>\n<p><strong>Proiect cofinan\u021bat din Fondul Social European prin Programul Opera\u021bional Capital Uman 2014 \u2013 2020<\/strong><\/p>\n<p>Pentru informa\u0163ii\u00a0detaliate despre celelalte programe cofinan\u021bate de Uniunea European\u0103, v\u0103 invit\u0103m s\u0103 vizita\u0163i\u00a0www.fonduri-ue.ro<\/p>\n<p>[\/et_pb_text][et_pb_button button_url=&#8221;https:\/\/www.apdpbucuresti.ro\/web\/proiect-practica\/&#8221; button_text=&#8221;Afl\u0103 mai mult &#8230;&#8221; button_alignment=&#8221;left&#8221; _builder_version=&#8221;4.17.4&#8243; _module_preset=&#8221;default&#8221; custom_button=&#8221;on&#8221; button_text_color=&#8221;#FFFFFF&#8221; button_bg_use_color_gradient=&#8221;on&#8221; button_bg_color_gradient_stops=&#8221;#4d9bf9 0%|#096fec 100%&#8221; button_border_radius=&#8221;7px&#8221; global_colors_info=&#8221;{}&#8221;][\/et_pb_button][\/et_pb_column][\/et_pb_row][\/et_pb_section][et_pb_section fb_built=&#8221;1&#8243; _builder_version=&#8221;4.16&#8243; background_color=&#8221;#fcfcf6&#8243; custom_padding=&#8221;||12vh||false|false&#8221; bottom_divider_style=&#8221;mountains2&#8243; bottom_divider_color=&#8221;#044088&#8243; global_colors_info=&#8221;{}&#8221;][et_pb_row _builder_version=&#8221;4.16&#8243; global_colors_info=&#8221;{}&#8221;][et_pb_column type=&#8221;4_4&#8243; _builder_version=&#8221;4.16&#8243; global_colors_info=&#8221;{}&#8221;][et_pb_text _builder_version=&#8221;4.16&#8243; global_colors_info=&#8221;{}&#8221;]<\/p>\n<h1>PARTENERI<\/h1>\n<p>[\/et_pb_text][\/et_pb_column][\/et_pb_row][et_pb_row column_structure=&#8221;1_4,1_4,1_4,1_4&#8243; _builder_version=&#8221;4.16&#8243; global_colors_info=&#8221;{}&#8221;][et_pb_column type=&#8221;1_4&#8243; _builder_version=&#8221;4.16&#8243; global_colors_info=&#8221;{}&#8221;][et_pb_image src=&#8221;https:\/\/www.apdpbucuresti.ro\/web\/wp-content\/uploads\/logoapdp-footer.png&#8221; _builder_version=&#8221;4.16&#8243; global_colors_info=&#8221;{}&#8221;][\/et_pb_image][\/et_pb_column][et_pb_column type=&#8221;1_4&#8243; _builder_version=&#8221;4.16&#8243; global_colors_info=&#8221;{}&#8221;][et_pb_image src=&#8221;https:\/\/www.apdpbucuresti.ro\/web\/wp-content\/uploads\/mari-vila-com-logo.png&#8221; alt=&#8221;MARIVILA COM SRL&#8221; title_text=&#8221;marivila-com-logo&#8221; align=&#8221;center&#8221; _builder_version=&#8221;4.20.0&#8243; _module_preset=&#8221;default&#8221; global_colors_info=&#8221;{}&#8221;][\/et_pb_image][\/et_pb_column][et_pb_column type=&#8221;1_4&#8243; _builder_version=&#8221;4.16&#8243; global_colors_info=&#8221;{}&#8221;][et_pb_image src=&#8221;https:\/\/www.apdpbucuresti.ro\/web\/wp-content\/uploads\/dimar-logo.jpg&#8221; title_text=&#8221;dimar-logo&#8221; _builder_version=&#8221;4.20.0&#8243; _module_preset=&#8221;default&#8221; global_colors_info=&#8221;{}&#8221;][\/et_pb_image][\/et_pb_column][et_pb_column type=&#8221;1_4&#8243; _builder_version=&#8221;4.16&#8243; global_colors_info=&#8221;{}&#8221;][\/et_pb_column][\/et_pb_row][\/et_pb_section]<\/p>\n","protected":false},"excerpt":{"rendered":"<p>ASOCIA\u0162IA PROFESIONAL\u0102 DE DRUMURI \u015eI PODURI \u2500 FILIALA BUCURE\u015eTI \u2500Ce este APDP Bucure\u0219tiProiect Practic\u0103 Studen\u021biEVENIMENTEAsocia\u021bia Profesional\u0103 de Drumuri \u0219i Poduri \u2013 Filiala Bucure\u0219ti, \u00een parteneriat cu Mari Vila Com SRL \u0219i Dimar SRL, implementeaz\u0103 \u00eencep\u00e2nd cu luna aprilie a anului 2021, proiectul \u201cPCCC &#8211; Sistem func\u021bional de stagii de Practic\u0103 pentru studen\u021bii din domeniul Construc\u021biilor [&hellip;]<\/p>\n","protected":false},"author":1,"featured_media":0,"parent":0,"menu_order":0,"comment_status":"closed","ping_status":"closed","template":"","meta":{"_acf_changed":false,"_et_pb_use_builder":"on","_et_pb_old_content":"<!-- wp:paragraph -->\n<p>This is an example page. It's different from a blog post because it will stay in one place and will show up in your site navigation (in most themes). Most people start with an About page that introduces them to potential site visitors. It might say something like this:<\/p>\n<!-- \/wp:paragraph -->\n\n<!-- wp:quote -->\n<blockquote class=\"wp-block-quote\"><p>Hi there! I'm a bike messenger by day, aspiring actor by night, and this is my website. I live in Los Angeles, have a great dog named Jack, and I like pi\u00f1a coladas. (And gettin' caught in the rain.)<\/p><\/blockquote>\n<!-- \/wp:quote -->\n\n<!-- wp:paragraph -->\n<p>...or something like this:<\/p>\n<!-- \/wp:paragraph -->\n\n<!-- wp:quote -->\n<blockquote class=\"wp-block-quote\"><p>The XYZ Doohickey Company was founded in 1971, and has been providing quality doohickeys to the public ever since. Located in Gotham City, XYZ employs over 2,000 people and does all kinds of awesome things for the Gotham community.<\/p><\/blockquote>\n<!-- \/wp:quote -->\n\n<!-- wp:paragraph -->\n<p>As a new WordPress user, you should go to <a href=\"https:\/\/www.apdpbucuresti.ro\/web\/wp-admin\/\">your dashboard<\/a> to delete this page and create new pages for your content. Have fun!<\/p>\n<!-- \/wp:paragraph -->","_et_gb_content_width":"","footnotes":""},"class_list":["post-2","page","type-page","status-publish","hentry"],"acf":[],"_links":{"self":[{"href":"https:\/\/www.apdpbucuresti.ro\/web\/wp-json\/wp\/v2\/pages\/2","targetHints":{"allow":["GET"]}}],"collection":[{"href":"https:\/\/www.apdpbucuresti.ro\/web\/wp-json\/wp\/v2\/pages"}],"about":[{"href":"https:\/\/www.apdpbucuresti.ro\/web\/wp-json\/wp\/v2\/types\/page"}],"author":[{"embeddable":true,"href":"https:\/\/www.apdpbucuresti.ro\/web\/wp-json\/wp\/v2\/users\/1"}],"replies":[{"embeddable":true,"href":"https:\/\/www.apdpbucuresti.ro\/web\/wp-json\/wp\/v2\/comments?post=2"}],"version-history":[{"count":1,"href":"https:\/\/www.apdpbucuresti.ro\/web\/wp-json\/wp\/v2\/pages\/2\/revisions"}],"predecessor-version":[{"id":1490,"href":"https:\/\/www.apdpbucuresti.ro\/web\/wp-json\/wp\/v2\/pages\/2\/revisions\/1490"}],"wp:attachment":[{"href":"https:\/\/www.apdpbucuresti.ro\/web\/wp-json\/wp\/v2\/media?parent=2"}],"curies":[{"name":"wp","href":"https:\/\/api.w.org\/{rel}","templated":true}]}}